{"id":379,"date":"2024-07-10T17:03:03","date_gmt":"2024-07-10T17:03:03","guid":{"rendered":"https:\/\/matiasdacosta.com\/?page_id=379"},"modified":"2024-07-10T17:09:32","modified_gmt":"2024-07-10T17:09:32","slug":"el-humo","status":"publish","type":"page","link":"https:\/\/matiasdacosta.com\/index.php\/el-humo\/","title":{"rendered":"El Humo"},"content":{"rendered":"<p>[et_pb_section fb_built=&#8221;1&#8243; specialty=&#8221;on&#8221; admin_label=&#8221;Header &#038; Ebook Info&#8221; _builder_version=&#8221;4.24.0&#8243; _module_preset=&#8221;default&#8221; background_color=&#8221;rgba(255,170,0,0.32)&#8221; hover_enabled=&#8221;0&#8243; collapsed=&#8221;on&#8221; global_colors_info=&#8221;{}&#8221; sticky_enabled=&#8221;0&#8243;][et_pb_column type=&#8221;1_2&#8243; specialty_columns=&#8221;2&#8243; _builder_version=&#8221;4.16&#8243; _module_preset=&#8221;default&#8221; custom_padding=&#8221;|||&#8221; global_colors_info=&#8221;{}&#8221; custom_padding__hover=&#8221;|||&#8221;][et_pb_row_inner _builder_version=&#8221;4.25.1&#8243; _module_preset=&#8221;default&#8221; global_colors_info=&#8221;{}&#8221;][et_pb_column_inner saved_specialty_column_type=&#8221;1_2&#8243; _builder_version=&#8221;4.25.1&#8243; _module_preset=&#8221;default&#8221; global_colors_info=&#8221;{}&#8221;][et_pb_heading title=&#8221;Novela&#8221; _builder_version=&#8221;4.24.0&#8243; _module_preset=&#8221;6dc1ccf5-80cd-4469-97ce-fa10cad87457&#8243; locked=&#8221;off&#8221; global_colors_info=&#8221;{}&#8221;][\/et_pb_heading][et_pb_heading title=&#8221;El Humo de las Le\u00f1as Verdes&#8221; _builder_version=&#8221;4.25.1&#8243; _module_preset=&#8221;0f733633-49c3-4319-9301-cfeeb3c970e5&#8243; custom_margin=&#8221;||10px||false|false&#8221; locked=&#8221;off&#8221; global_colors_info=&#8221;{}&#8221; custom_padding=&#8221;0px|||9px||&#8221; min_height=&#8221;169px&#8221;][\/et_pb_heading][et_pb_text _builder_version=&#8221;4.24.0&#8243; _module_preset=&#8221;a6fcf10a-bfec-43d5-9f0b-bcc21b04d755&#8243; hover_enabled=&#8221;0&#8243; global_colors_info=&#8221;{}&#8221; sticky_enabled=&#8221;0&#8243; inline_fonts=&#8221;Abril Fatface&#8221;]<\/p>\n<p><em><span style=\"font-family: 'Abhaya Libre'; font-weight: normal; font-size: large;\"><b>&#8220;Una novela es un mundo vivido por un grupo de gente. Mat\u00edas da Costa ubica la mirada en un punto muy determinado, Rivera, ciudad que el poder capitalino fund\u00f3 para ser frontera, para no entenderse si no es en relaci\u00f3n a lo otro. Los habitantes, queribles y conocidos, suman la perplejidad de cualquier ser humano a la de quienes son cerro y desembocadura. Un terreno que se desbarranca muestra c\u00f3mo una familia se mueve por esos repechos riverenses, cayendo o trepando&#8221;.<\/b><\/span><\/em><\/p>\n<p><b>Fern\u00e1ndez de Palleja<\/b><\/p>\n<p>[\/et_pb_text][et_pb_button button_text=&#8221;Comprar&#8221; _builder_version=&#8221;4.24.0&#8243; _module_preset=&#8221;33bfce39-bdbd-47b8-92d9-5923326c9511&#8243; global_colors_info=&#8221;{}&#8221;][\/et_pb_button][\/et_pb_column_inner][\/et_pb_row_inner][et_pb_row_inner custom_padding_last_edited=&#8221;on|phone&#8221; _builder_version=&#8221;4.25.1&#8243; _module_preset=&#8221;default&#8221; custom_padding=&#8221;|30px||30px|false|true&#8221; custom_padding_tablet=&#8221;|30px||30px|false|true&#8221; custom_padding_phone=&#8221;|20px||20px|false|true&#8221; border_width_all=&#8221;2px&#8221; border_color_all=&#8221;rgba(0,0,0,0.12)&#8221; global_colors_info=&#8221;{}&#8221;][et_pb_column_inner saved_specialty_column_type=&#8221;1_2&#8243; _builder_version=&#8221;4.25.1&#8243; _module_preset=&#8221;default&#8221; global_colors_info=&#8221;{}&#8221;][et_pb_heading title=&#8221;Ebook &#8221; _builder_version=&#8221;4.25.1&#8243; _module_preset=&#8221;ee1f0cb3-6fcf-4171-ac8f-3b63d4c91d67&#8243; custom_margin=&#8221;||10px||false|false&#8221; locked=&#8221;off&#8221; global_colors_info=&#8221;{}&#8221;][\/et_pb_heading][et_pb_text _builder_version=&#8221;4.25.1&#8243; _module_preset=&#8221;a6fcf10a-bfec-43d5-9f0b-bcc21b04d755&#8243; global_colors_info=&#8221;{}&#8221;]<\/p>\n<p>Quisque velit nisi, pretium ut lacinia in, elementum id enim. Vestibulum ante ipsum primis in faucibus orci luctus et ultrices posuere cubilia Curae; Donec velit neque<\/p>\n<p>[\/et_pb_text][et_pb_button button_text=&#8221;Comprar&#8221; _builder_version=&#8221;4.24.0&#8243; _module_preset=&#8221;b2ed5932-6fe7-46f1-9620-ecc441b56d6e&#8221; global_colors_info=&#8221;{}&#8221;][\/et_pb_button][\/et_pb_column_inner][\/et_pb_row_inner][\/et_pb_column][et_pb_column type=&#8221;1_2&#8243; _builder_version=&#8221;4.16&#8243; _module_preset=&#8221;default&#8221; custom_padding=&#8221;|||&#8221; global_colors_info=&#8221;{}&#8221; custom_padding__hover=&#8221;|||&#8221;][et_pb_image src=&#8221;https:\/\/matiasdacosta.com\/wp-content\/uploads\/2024\/07\/tapa-HUMO-nov23.jpg&#8221; title_text=&#8221;tapa HUMO nov23&#8243; _builder_version=&#8221;4.24.0&#8243; _module_preset=&#8221;default&#8221; width=&#8221;67%&#8221; module_alignment=&#8221;center&#8221; filter_saturate=&#8221;86%&#8221; hover_enabled=&#8221;0&#8243; box_shadow_style=&#8221;preset3&#8243; box_shadow_horizontal=&#8221;10px&#8221; box_shadow_vertical=&#8221;40px&#8221; box_shadow_blur=&#8221;40px&#8221; box_shadow_spread=&#8221;10px&#8221; box_shadow_color=&#8221;rgba(0,0,0,0.11)&#8221; locked=&#8221;off&#8221; global_colors_info=&#8221;{}&#8221; sticky_enabled=&#8221;0&#8243;][\/et_pb_image][\/et_pb_column][\/et_pb_section][et_pb_section fb_built=&#8221;1&#8243; admin_label=&#8221;Ebook Details&#8221; _builder_version=&#8221;4.25.1&#8243; _module_preset=&#8221;default&#8221; background_color=&#8221;gcid-545c17f1-4e53-478d-9e2b-03daafc524a2&#8243; collapsed=&#8221;on&#8221; global_colors_info=&#8221;{%22gcid-545c17f1-4e53-478d-9e2b-03daafc524a2%22:%91%22background_color%22%93}&#8221;][et_pb_row _builder_version=&#8221;4.25.1&#8243; _module_preset=&#8221;default&#8221; global_colors_info=&#8221;{}&#8221;][et_pb_column type=&#8221;4_4&#8243; _builder_version=&#8221;4.25.1&#8243; _module_preset=&#8221;default&#8221; global_colors_info=&#8221;{}&#8221;][et_pb_text _builder_version=&#8221;4.25.1&#8243; _module_preset=&#8221;a6fcf10a-bfec-43d5-9f0b-bcc21b04d755&#8243; global_colors_info=&#8221;{}&#8221;]Lorem ipsum dolor sit amet, consectetur adipiscing elit. Donec sed finibus nisi, sed dictum eros. Quisque aliquet velit sit amet sem interdum faucibus. In feugiat aliquet mollis. Etiam tincidunt ligula ut hendrerit semper. Quisque luctus lectus non turpis bibendum posuere. Morbi tortor nibh, fringilla sed pretium sit amet, pharetra non ex. Fusce vel egestas nisl. Curabitur non bibendum ligula. In non pulvinar purus. Curabitur nisi odio, blandit et elit at, suscipit pharetra elit. Fusce ut mauris quam. Quisque lacinia quam eu commodo mollis. Praesent nisl massa, ultrices vitae ornare sit amet, ultricies eget orci. Sed vitae nulla et justo pellentesque congue nec eu risus. Morbi ac feugiat ante.<\/p>\n<p>Etiam quis blandit erat. Donec laoreet libero non metus volutpat consequat in vel metus. Sed non augue id felis pellentesque congue et vitae tellus. Donec ullamcorper libero nisl, nec blandit dolor tempus feugiat. Aenean neque felis, fringilla nec placerat eget, sollicitudin a sapien. Cras ut auctor elit. Vivamus id gravida mi, nec ullamcorper purus. Suspendisse ut nibh sagittis lacus viverra aliquam. Praesent ac lobortis mauris, non imperdiet quam. Praesent laoreet elit nisi, id feugiat ante accumsan sed. Vestibulum ante ipsum primis in faucibus orci luctus et ultrices posuere cubilia curae.<\/p>\n<p>Curabitur fermentum nulla non justo aliquet, quis vehicula quam consequat. Duis ut hendrerit tellus, elementum lacinia elit. Maecenas at consectetur ex, vitae consequat augue. Vivamus eget dolor vel quam condimentum sodales. In bibendum odio urna, sit amet fermentum purus venenatis amet. Suspendisse sagittis lorem accumsan convallis pharetra. Praesent ex ante, placerat quis purus a, tempor consectetur lorem. Integer accumsan pharetra orci nec tempor. Quisque mollis vel enim a facilisis. Aliquam ornare nunc nibh, sit amet porta diam pretium in. Cras et velit faucibus, dignissim tellus at.[\/et_pb_text][\/et_pb_column][\/et_pb_row][et_pb_row _builder_version=&#8221;4.25.1&#8243; _module_preset=&#8221;default&#8221; locked=&#8221;off&#8221; global_colors_info=&#8221;{}&#8221;][et_pb_column type=&#8221;4_4&#8243; _builder_version=&#8221;4.25.1&#8243; _module_preset=&#8221;default&#8221; custom_padding=&#8221;40px|40px|40px|40px|true|true&#8221; custom_padding_tablet=&#8221;30px|30px|30px|30px|true|true&#8221; custom_padding_phone=&#8221;20px|20px|20px|20px|true|true&#8221; custom_padding_last_edited=&#8221;on|phone&#8221; border_width_all=&#8221;2px&#8221; border_color_all=&#8221;rgba(0,0,0,0.12)&#8221; global_colors_info=&#8221;{}&#8221;][et_pb_heading title=&#8221;\u201cQuis blandit erat. Donec laoreet libero non metus volutpat consequat in vel metus. Sed non augue id felis pellentesque. Luctus lectus non quisque turpis bibendum posuere. Morbi tortor nibh, fringilla sed pretium sit amet.\u201d&#8221; _builder_version=&#8221;4.25.1&#8243; _module_preset=&#8221;ee1f0cb3-6fcf-4171-ac8f-3b63d4c91d67&#8243; title_text_align=&#8221;center&#8221; locked=&#8221;off&#8221; global_colors_info=&#8221;{}&#8221;][\/et_pb_heading][et_pb_heading title=&#8221;- Elegant Themes&#8221; _builder_version=&#8221;4.25.1&#8243; _module_preset=&#8221;9e75510b-d002-40a7-8cd3-3d9b0f021b8d&#8221; title_text_align=&#8221;center&#8221; custom_margin=&#8221;||0px||false|false&#8221; locked=&#8221;off&#8221; global_colors_info=&#8221;{}&#8221;][\/et_pb_heading][\/et_pb_column][\/et_pb_row][\/et_pb_section][et_pb_section fb_built=&#8221;1&#8243; admin_label=&#8221;My Books&#8221; _builder_version=&#8221;4.25.1&#8243; _module_preset=&#8221;default&#8221; background_color=&#8221;gcid-530baf18-6aca-4d61-8496-2c5df0e0a0ca&#8221; locked=&#8221;off&#8221; collapsed=&#8221;on&#8221; global_colors_info=&#8221;{%22gcid-530baf18-6aca-4d61-8496-2c5df0e0a0ca%22:%91%22background_color%22%93}&#8221;][et_pb_row _builder_version=&#8221;4.25.1&#8243; _module_preset=&#8221;default&#8221; global_colors_info=&#8221;{}&#8221;][et_pb_column type=&#8221;4_4&#8243; _builder_version=&#8221;4.25.1&#8243; _module_preset=&#8221;default&#8221; global_colors_info=&#8221;{}&#8221;][et_pb_heading title=&#8221;More Books&#8221; _builder_version=&#8221;4.25.1&#8243; _module_preset=&#8221;b632f055-fe46-4602-93d1-ba800d2cf6a2&#8243; title_text_align=&#8221;center&#8221; title_text_color=&#8221;#FFFFFF&#8221; custom_margin=&#8221;||10px||false|false&#8221; locked=&#8221;off&#8221; global_colors_info=&#8221;{}&#8221;][\/et_pb_heading][\/et_pb_column][\/et_pb_row][et_pb_row column_structure=&#8221;1_3,1_3,1_3&#8243; _builder_version=&#8221;4.25.1&#8243; _module_preset=&#8221;default&#8221; custom_padding=&#8221;0px|||||&#8221; global_colors_info=&#8221;{}&#8221;][et_pb_column type=&#8221;1_3&#8243; _builder_version=&#8221;4.25.1&#8243; _module_preset=&#8221;default&#8221; global_colors_info=&#8221;{}&#8221;][et_pb_image src=&#8221;https:\/\/matiasdacosta.com\/wp-content\/uploads\/2024\/07\/book-cover-1-1.jpg&#8221; title_text=&#8221;book cover-1&#8243; url=&#8221;#&#8221; _builder_version=&#8221;4.25.1&#8243; _module_preset=&#8221;default&#8221; custom_padding=&#8221;10%|10%|10%|10%|true|true&#8221; box_shadow_style=&#8221;preset3&#8243; box_shadow_horizontal=&#8221;10px&#8221; box_shadow_vertical=&#8221;40px&#8221; box_shadow_blur=&#8221;40px&#8221; box_shadow_spread=&#8221;10px&#8221; box_shadow_color=&#8221;rgba(0,0,0,0.11)&#8221; global_colors_info=&#8221;{}&#8221; box_shadow_color__hover_enabled=&#8221;on|hover&#8221; box_shadow_color__hover=&#8221;RGBA(255,255,255,0)&#8221; transform_styles__hover_enabled=&#8221;on|hover&#8221; transform_scale__hover_enabled=&#8221;on|hover&#8221; transform_translate__hover_enabled=&#8221;on|hover&#8221; transform_rotate__hover_enabled=&#8221;on|hover&#8221; transform_skew__hover_enabled=&#8221;on|hover&#8221; transform_origin__hover_enabled=&#8221;on|hover&#8221; transform_scale__hover=&#8221;99%|99%&#8221;][\/et_pb_image][et_pb_heading title=&#8221;Lorem Ipsum Dolor Sit Amet&#8221; _builder_version=&#8221;4.25.1&#8243; _module_preset=&#8221;9e75510b-d002-40a7-8cd3-3d9b0f021b8d&#8221; title_text_align=&#8221;center&#8221; title_text_color=&#8221;#FFFFFF&#8221; custom_margin=&#8221;||0px||false|false&#8221; locked=&#8221;off&#8221; global_colors_info=&#8221;{}&#8221;][\/et_pb_heading][et_pb_text _builder_version=&#8221;4.25.1&#8243; _module_preset=&#8221;4163ef0e-7868-43ee-9194-729f2e0598c2&#8243; text_text_color=&#8221;#FFFFFF&#8221; text_orientation=&#8221;center&#8221; locked=&#8221;off&#8221; global_colors_info=&#8221;{}&#8221;]<\/p>\n<p>Lorem ipsum dolor sit amet, consectetur adipiscing elit. Donec sed finibus nisi, sed dictum eros.<\/p>\n<p>[\/et_pb_text][\/et_pb_column][et_pb_column type=&#8221;1_3&#8243; _builder_version=&#8221;4.25.1&#8243; _module_preset=&#8221;default&#8221; global_colors_info=&#8221;{}&#8221;][et_pb_image src=&#8221;https:\/\/matiasdacosta.com\/wp-content\/uploads\/2024\/07\/book-cover-4-1.jpg&#8221; title_text=&#8221;book cover-4&#8243; url=&#8221;#&#8221; _builder_version=&#8221;4.25.1&#8243; _module_preset=&#8221;default&#8221; custom_padding=&#8221;10%|10%|10%|10%|true|true&#8221; box_shadow_style=&#8221;preset3&#8243; box_shadow_horizontal=&#8221;10px&#8221; box_shadow_vertical=&#8221;40px&#8221; box_shadow_blur=&#8221;40px&#8221; box_shadow_spread=&#8221;10px&#8221; box_shadow_color=&#8221;rgba(0,0,0,0.11)&#8221; locked=&#8221;off&#8221; global_colors_info=&#8221;{}&#8221; box_shadow_color__hover_enabled=&#8221;on|hover&#8221; box_shadow_color__hover=&#8221;RGBA(255,255,255,0)&#8221; transform_styles__hover_enabled=&#8221;on|hover&#8221; transform_scale__hover=&#8221;99%|99%&#8221; transform_scale__hover_enabled=&#8221;on|hover&#8221; transform_translate__hover_enabled=&#8221;on|hover&#8221; transform_rotate__hover_enabled=&#8221;on|hover&#8221; transform_skew__hover_enabled=&#8221;on|hover&#8221; transform_origin__hover_enabled=&#8221;on|hover&#8221;][\/et_pb_image][et_pb_heading title=&#8221;Donec Sed Finibus Nisi&#8221; _builder_version=&#8221;4.25.1&#8243; _module_preset=&#8221;9e75510b-d002-40a7-8cd3-3d9b0f021b8d&#8221; title_text_align=&#8221;center&#8221; title_text_color=&#8221;#FFFFFF&#8221; custom_margin=&#8221;||0px||false|false&#8221; locked=&#8221;off&#8221; global_colors_info=&#8221;{}&#8221;][\/et_pb_heading][et_pb_text _builder_version=&#8221;4.25.1&#8243; _module_preset=&#8221;4163ef0e-7868-43ee-9194-729f2e0598c2&#8243; text_text_color=&#8221;#FFFFFF&#8221; text_orientation=&#8221;center&#8221; locked=&#8221;off&#8221; global_colors_info=&#8221;{}&#8221;]<\/p>\n<p>Quisque aliquet velit sit amet sem interdum faucibus. In feugiat aliquet mollis etiam tincidunt ligula.<\/p>\n<p>[\/et_pb_text][\/et_pb_column][et_pb_column type=&#8221;1_3&#8243; _builder_version=&#8221;4.25.1&#8243; _module_preset=&#8221;default&#8221; global_colors_info=&#8221;{}&#8221;][et_pb_image src=&#8221;https:\/\/matiasdacosta.com\/wp-content\/uploads\/2024\/07\/book-cover-3-1.jpg&#8221; title_text=&#8221;book cover-3&#8243; url=&#8221;#&#8221; _builder_version=&#8221;4.25.1&#8243; _module_preset=&#8221;default&#8221; custom_padding=&#8221;10%|10%|10%|10%|true|true&#8221; box_shadow_style=&#8221;preset3&#8243; box_shadow_horizontal=&#8221;10px&#8221; box_shadow_vertical=&#8221;40px&#8221; box_shadow_blur=&#8221;40px&#8221; box_shadow_spread=&#8221;10px&#8221; box_shadow_color=&#8221;rgba(0,0,0,0.11)&#8221; locked=&#8221;off&#8221; global_colors_info=&#8221;{}&#8221; box_shadow_color__hover_enabled=&#8221;on|hover&#8221; box_shadow_color__hover=&#8221;RGBA(255,255,255,0)&#8221; transform_styles__hover_enabled=&#8221;on|hover&#8221; transform_scale__hover=&#8221;99%|99%&#8221; transform_scale__hover_enabled=&#8221;on|hover&#8221; transform_translate__hover_enabled=&#8221;on|hover&#8221; transform_rotate__hover_enabled=&#8221;on|hover&#8221; transform_skew__hover_enabled=&#8221;on|hover&#8221; transform_origin__hover_enabled=&#8221;on|hover&#8221;][\/et_pb_image][et_pb_heading title=&#8221;Quisque Aliquet Velit Sit Amet&#8221; _builder_version=&#8221;4.25.1&#8243; _module_preset=&#8221;9e75510b-d002-40a7-8cd3-3d9b0f021b8d&#8221; title_text_align=&#8221;center&#8221; title_text_color=&#8221;#FFFFFF&#8221; custom_margin=&#8221;||0px||false|false&#8221; locked=&#8221;off&#8221; global_colors_info=&#8221;{}&#8221;][\/et_pb_heading][et_pb_text _builder_version=&#8221;4.25.1&#8243; _module_preset=&#8221;4163ef0e-7868-43ee-9194-729f2e0598c2&#8243; text_text_color=&#8221;#FFFFFF&#8221; text_orientation=&#8221;center&#8221; locked=&#8221;off&#8221; global_colors_info=&#8221;{}&#8221;]<\/p>\n<p>Luctus lectus non quisque turpis bibendum posuere. Morbi tortor nibh, fringilla sed pretium sit amet.<\/p>\n<p>[\/et_pb_text][\/et_pb_column][\/et_pb_row][et_pb_row _builder_version=&#8221;4.25.1&#8243; _module_preset=&#8221;default&#8221; global_colors_info=&#8221;{}&#8221;][et_pb_column type=&#8221;4_4&#8243; _builder_version=&#8221;4.25.1&#8243; _module_preset=&#8221;default&#8221; global_colors_info=&#8221;{}&#8221;][et_pb_button button_text=&#8221;All Books&#8221; button_alignment=&#8221;center&#8221; _builder_version=&#8221;4.25.1&#8243; _module_preset=&#8221;b2ed5932-6fe7-46f1-9620-ecc441b56d6e&#8221; global_colors_info=&#8221;{}&#8221;][\/et_pb_button][\/et_pb_column][\/et_pb_row][\/et_pb_section][et_pb_section fb_built=&#8221;1&#8243; admin_label=&#8221;Footer&#8221; _builder_version=&#8221;4.25.1&#8243; _module_preset=&#8221;default&#8221; background_color=&#8221;gcid-530baf18-6aca-4d61-8496-2c5df0e0a0ca&#8221; saved_tabs=&#8221;all&#8221; locked=&#8221;off&#8221; collapsed=&#8221;on&#8221; global_colors_info=&#8221;{%22gcid-530baf18-6aca-4d61-8496-2c5df0e0a0ca%22:%91%22background_color%22%93}&#8221;][et_pb_row _builder_version=&#8221;4.25.1&#8243; _module_preset=&#8221;default&#8221; max_width=&#8221;680px&#8221; module_alignment=&#8221;center&#8221; global_colors_info=&#8221;{}&#8221;][et_pb_column type=&#8221;4_4&#8243; _builder_version=&#8221;4.25.1&#8243; _module_preset=&#8221;default&#8221; global_colors_info=&#8221;{}&#8221;][et_pb_image src=&#8221;https:\/\/matiasdacosta.com\/wp-content\/uploads\/2024\/07\/portrait-square-01.jpg&#8221; title_text=&#8221;portrait-square-01&#8243; _builder_version=&#8221;4.25.1&#8243; _module_preset=&#8221;default&#8221; max_width=&#8221;100px&#8221; max_width_last_edited=&#8221;off|desktop&#8221; module_alignment=&#8221;center&#8221; max_height=&#8221;100px&#8221; filter_saturate=&#8221;0%&#8221; locked=&#8221;off&#8221; global_colors_info=&#8221;{}&#8221;][\/et_pb_image][et_pb_heading title=&#8221;Brooklyn Simmons&#8221; _builder_version=&#8221;4.25.1&#8243; _module_preset=&#8221;b632f055-fe46-4602-93d1-ba800d2cf6a2&#8243; title_text_align=&#8221;center&#8221; title_text_color=&#8221;#FFFFFF&#8221; custom_margin=&#8221;||10px||false|false&#8221; locked=&#8221;off&#8221; global_colors_info=&#8221;{}&#8221;][\/et_pb_heading][et_pb_text _builder_version=&#8221;4.25.1&#8243; _module_preset=&#8221;de92a496-ac4b-4892-8038-b5ec6873df06&#8243; text_text_color=&#8221;gcid-834db33f-400f-4068-917d-2de62be3172e&#8221; link_text_color=&#8221;#8800ff&#8221; text_orientation=&#8221;center&#8221; global_colors_info=&#8221;{%22gcid-secondary-color%22:%91%22link_text_color%22,%22link_text_color%22,%22link_text_color%22,%22link_text_color%22,%22link_text_color%22%93,%22gcid-834db33f-400f-4068-917d-2de62be3172e%22:%91%22text_text_color%22%93}&#8221;]<\/p>\n<p>Quisque velit nisi, pretium ut lacinia in, elementum id enim. Vestibulum ante ipsum primis in faucibus orci luctus et ultrices posuere cubilia Curae; Donec velit neque<\/p>\n<p>[\/et_pb_text][et_pb_button button_text=&#8221;My Books&#8221; button_alignment=&#8221;center&#8221; _builder_version=&#8221;4.25.1&#8243; _module_preset=&#8221;e120f77e-10ba-4285-83b1-f9386dd3af9a&#8221; locked=&#8221;off&#8221; global_colors_info=&#8221;{}&#8221;][\/et_pb_button][et_pb_social_media_follow icon_color=&#8221;gcid-880c38f1-a6fc-40a7-920b-f6027d5f269c&#8221; _builder_version=&#8221;4.25.1&#8243; _module_preset=&#8221;default&#8221; text_orientation=&#8221;center&#8221; global_colors_info=&#8221;{%22gcid-880c38f1-a6fc-40a7-920b-f6027d5f269c%22:%91%22icon_color%22%93}&#8221;][et_pb_social_media_follow_network social_network=&#8221;facebook&#8221; _builder_version=&#8221;4.25.1&#8243; _module_preset=&#8221;default&#8221; global_colors_info=&#8221;{}&#8221; follow_button=&#8221;off&#8221; url_new_window=&#8221;on&#8221;]facebook[\/et_pb_social_media_follow_network][et_pb_social_media_follow_network social_network=&#8221;instagram&#8221; _builder_version=&#8221;4.25.1&#8243; _module_preset=&#8221;default&#8221; global_colors_info=&#8221;{}&#8221; follow_button=&#8221;off&#8221; url_new_window=&#8221;on&#8221;]instagram[\/et_pb_social_media_follow_network][et_pb_social_media_follow_network social_network=&#8221;linkedin&#8221; _builder_version=&#8221;4.25.1&#8243; _module_preset=&#8221;default&#8221; global_colors_info=&#8221;{}&#8221; follow_button=&#8221;off&#8221; url_new_window=&#8221;on&#8221;]linkedin[\/et_pb_social_media_follow_network][\/et_pb_social_media_follow][\/et_pb_column][\/et_pb_row][et_pb_row _builder_version=&#8221;4.25.1&#8243; _module_preset=&#8221;default&#8221; global_colors_info=&#8221;{}&#8221;][et_pb_column type=&#8221;4_4&#8243; _builder_version=&#8221;4.25.1&#8243; _module_preset=&#8221;default&#8221; global_colors_info=&#8221;{}&#8221;][et_pb_text _builder_version=&#8221;4.25.1&#8243; _dynamic_attributes=&#8221;content&#8221; _module_preset=&#8221;de92a496-ac4b-4892-8038-b5ec6873df06&#8243; text_text_color=&#8221;rgba(255,255,255,0.5)&#8221; link_text_color=&#8221;#8800ff&#8221; text_orientation=&#8221;center&#8221; global_colors_info=&#8221;{}&#8221;]@ET-DC@eyJkeW5hbWljIjp0cnVlLCJjb250ZW50IjoiY3VycmVudF9kYXRlIiwic2V0dGluZ3MiOnsiYmVmb3JlIjoiQ29weXJpZ2h0ICZjb3B5OyAiLCJhZnRlciI6IiBEaXZpLiBBbGwgUmlnaHRzIFJlc2VydmVkLiIsImRhdGVfZm9ybWF0IjoiY3VzdG9tIiwiY3VzdG9tX2RhdGVfZm9ybWF0IjoiWSJ9fQ==@[\/et_pb_text][\/et_pb_column][\/et_pb_row][\/et_pb_section]<\/p>\n","protected":false},"excerpt":{"rendered":"<p>&#8220;Una novela es un mundo vivido por un grupo de gente. Mat\u00edas da Costa ubica la mirada en un punto muy determinado, Rivera, ciudad que el poder capitalino fund\u00f3 para ser frontera, para no entenderse si no es en relaci\u00f3n a lo otro. Los habitantes, queribles y conocidos, suman la perplejidad de cualquier ser humano [&hellip;]<\/p>\n","protected":false},"author":2,"featured_media":0,"parent":0,"menu_order":0,"comment_status":"closed","ping_status":"closed","template":"","meta":{"_et_pb_use_builder":"on","_et_pb_old_content":"","_et_gb_content_width":"","footnotes":""},"class_list":["post-379","page","type-page","status-publish","hentry"],"_links":{"self":[{"href":"https:\/\/matiasdacosta.com\/index.php\/wp-json\/wp\/v2\/pages\/379"}],"collection":[{"href":"https:\/\/matiasdacosta.com\/index.php\/wp-json\/wp\/v2\/pages"}],"about":[{"href":"https:\/\/matiasdacosta.com\/index.php\/wp-json\/wp\/v2\/types\/page"}],"author":[{"embeddable":true,"href":"https:\/\/matiasdacosta.com\/index.php\/wp-json\/wp\/v2\/users\/2"}],"replies":[{"embeddable":true,"href":"https:\/\/matiasdacosta.com\/index.php\/wp-json\/wp\/v2\/comments?post=379"}],"version-history":[{"count":3,"href":"https:\/\/matiasdacosta.com\/index.php\/wp-json\/wp\/v2\/pages\/379\/revisions"}],"predecessor-version":[{"id":403,"href":"https:\/\/matiasdacosta.com\/index.php\/wp-json\/wp\/v2\/pages\/379\/revisions\/403"}],"wp:attachment":[{"href":"https:\/\/matiasdacosta.com\/index.php\/wp-json\/wp\/v2\/media?parent=379"}],"curies":[{"name":"wp","href":"https:\/\/api.w.org\/{rel}","templated":true}]}}